{"id":1005,"date":"2012-10-24T19:25:11","date_gmt":"2012-10-24T18:25:11","guid":{"rendered":"http:\/\/www.dpg-goettingen.de\/?page_id=1005"},"modified":"2023-04-24T09:51:49","modified_gmt":"2023-04-24T08:51:49","slug":"links","status":"publish","type":"page","link":"https:\/\/www.dpg-goettingen.de\/?page_id=1005","title":{"rendered":"Links"},"content":{"rendered":"<p><a href=\"http:\/\/www.dpg-bundesverband.de\/\">Deutsch-Polnische Gesellschaft Bundesverband e.V. &#8211; Federalny Zwi\u0105zek Towarzystw Niemiecko-Polskich<\/a><\/p>\n<p><a href=\"http:\/\/www.dpg-niedersachsen.de\/\">Deutsch-Polnische Gesellschaften in Niedersachsen e.V.<\/a><\/p>\n<p><a href=\"http:\/\/www.dpghan.de\/\">Deutsch-Polnische Gesellschaft Hannover e.V.<\/a><\/p>\n<p><a href=\"http:\/\/www.dpg-hamburg.de\/\">Deutsch-Polnische Gesellschaft Hamburg e.V.<\/a><\/p>\n<p><a href=\"http:\/\/www.dpg-bremen.de\/\">Deutsch-Polnische Gesellschaft Bremen e.V.<\/a><\/p>\n\n\n<div class=\"wp-block-group alignfull is-layout-constrained\"><div class=\"wp-block-group__inner-container\">\n<div class=\"wp-block-group alignfull is-content-justification-space-between is-layout-flex wp-container-5\" style=\"padding-top:var(--wp--preset--spacing--30);padding-right:var(--wp--preset--spacing--30);padding-bottom:var(--wp--preset--spacing--30);padding-left:var(--wp--preset--spacing--30)\">\n<div class=\"wp-block-group is-layout-flex\"><div class=\"is-default-size wp-block-site-logo\"><a href=\"https:\/\/www.dpg-goettingen.de\/\" class=\"custom-logo-link\" rel=\"home\"><img loading=\"lazy\" width=\"3457\" height=\"1123\" src=\"https:\/\/www.dpg-goettingen.de\/wp-content\/uploads\/cropped-LOGO_DPG_lang-weissrand.png\" class=\"custom-logo\" alt=\"\" decoding=\"async\" srcset=\"https:\/\/www.dpg-goettingen.de\/wp-content\/uploads\/cropped-LOGO_DPG_lang-weissrand.png 3457w, https:\/\/www.dpg-goettingen.de\/wp-content\/uploads\/cropped-LOGO_DPG_lang-weissrand-300x97.png 300w, https:\/\/www.dpg-goettingen.de\/wp-content\/uploads\/cropped-LOGO_DPG_lang-weissrand-1024x333.png 1024w, https:\/\/www.dpg-goettingen.de\/wp-content\/uploads\/cropped-LOGO_DPG_lang-weissrand-768x249.png 768w, https:\/\/www.dpg-goettingen.de\/wp-content\/uploads\/cropped-LOGO_DPG_lang-weissrand-1536x499.png 1536w, https:\/\/www.dpg-goettingen.de\/wp-content\/uploads\/cropped-LOGO_DPG_lang-weissrand-2048x665.png 2048w\" sizes=\"(max-width: 3457px) 100vw, 3457px\" \/><\/a><\/div>\n\n\n<div class=\"wp-block-group is-vertical is-layout-flex wp-container-1\"><\/div>\n<\/div>\n\n\n<nav class=\"is-responsive items-justified-right wp-block-navigation is-content-justification-right is-layout-flex wp-container-4\" aria-label=\"Hauptnavigation\"><button aria-haspopup=\"true\" aria-label=\"Men\u00fc \u00f6ffnen\" class=\"wp-block-navigation__responsive-container-open \" data-micromodal-trigger=\"modal-3\"><svg width=\"24\" height=\"24\" xmlns=\"http:\/\/www.w3.org\/2000\/svg\" viewBox=\"0 0 24 24\" aria-hidden=\"true\" focusable=\"false\"><rect x=\"4\" y=\"7.5\" width=\"16\" height=\"1.5\" \/><rect x=\"4\" y=\"15\" width=\"16\" height=\"1.5\" \/><\/svg><\/button>\n\t\t\t<div class=\"wp-block-navigation__responsive-container  \" style=\"\" id=\"modal-3\">\n\t\t\t\t<div class=\"wp-block-navigation__responsive-close\" tabindex=\"-1\" data-micromodal-close>\n\t\t\t\t\t<div class=\"wp-block-navigation__responsive-dialog\" aria-label=\"Men\u00fc\">\n\t\t\t\t\t\t\t<button aria-label=\"Men\u00fc schlie\u00dfen\" data-micromodal-close class=\"wp-block-navigation__responsive-container-close\"><svg xmlns=\"http:\/\/www.w3.org\/2000\/svg\" viewBox=\"0 0 24 24\" width=\"24\" height=\"24\" aria-hidden=\"true\" focusable=\"false\"><path d=\"M13 11.8l6.1-6.3-1-1-6.1 6.2-6.1-6.2-1 1 6.1 6.3-6.5 6.7 1 1 6.5-6.6 6.5 6.6 1-1z\"><\/path><\/svg><\/button>\n\t\t\t\t\t\t<div class=\"wp-block-navigation__responsive-container-content\" id=\"modal-3-content\">\n\t\t\t\t\t\t\t<ul class=\"wp-block-navigation__container\"><li class=\" wp-block-navigation-item wp-block-navigation-link\"><a class=\"wp-block-navigation-item__content\"  href=\"https:\/\/www.dpg-goettingen.de\/?page_id=505\"><span class=\"wp-block-navigation-item__label\">Termine<\/span><\/a><\/li><li class=\" wp-block-navigation-item wp-block-navigation-link\"><a class=\"wp-block-navigation-item__content\"  href=\"https:\/\/www.dpg-goettingen.de\/?page_id=561\"><span class=\"wp-block-navigation-item__label\">Rundbriefe<\/span><span class=\"wp-block-navigation-item__description\">Rundbrief 2\/2010 G\u00f6ttingen, den 18.08.2010 An die Mitglieder und Freunde der Deutsch-Polnischen Gesellschaft G\u00f6ttingen Sehr geehrte Damen und Herren, liebe Mitglieder und Freunde, mit diesem Rundbrief nach der Sommerpause laden wir Sie wieder herzlich ein, an den Veranstaltungen der Gesellschaft im zweiten Halbjahr 2010 zahlreich teilzunehmen und unsere Arbeit weiterhin zu unterst\u00fctzen. Dazu liegt diesem Brief ein Fragebogen bei, mit dem der Vorstand Ihre Meinung zu verschiedenen Bereichen unserer Arbeit erfragen m\u00f6chte. Bitte, f\u00fcllen Sie den Fragebogen nach bestem Wissen und Gewissen aus und senden ihn an den Vorstand zur\u00fcck (Adresse im Briefkopf)! Nicht zuletzt geht es uns auch um die Frage des DIALOG-Abonnments in Zukunft und Ihre Meinung dazu. Wir w\u00fcrden uns freuen, wenn Sie den Fragebogen bis zum 20.9.2010 zur\u00fcck schickten. Im August sind unsere beiden polnischen Stipendiatinnen, Magdalena Ciurus (Medizin) und Ewelina Minda (Germanistik), wieder in ihre Heimat zur\u00fcck gekehrt, nachdem sie im Sommersemester an der Georg-August-Universit\u00e4t G\u00f6ttingen erfolgreich ihre Studien beendet haben. Die Betreuung seitens der Gesellschaft hat wieder gut funktioniert. Auf folgende Veranstaltungen im zweiten Halbjahr weisen wir hin und hoffen auf Ihr Interesse: Der Kulturpreis Schlesien wird in diesem Jahr in Breslau vergeben. Preistr\u00e4ger sind Prof. Dr. Arno Herzig, Wissenschaftler, und Prof. Ewa Michnik,\u2026<\/span><\/a><\/li><li class=\" wp-block-navigation-item wp-block-navigation-link\"><a class=\"wp-block-navigation-item__content\"  href=\"https:\/\/www.dpg-goettingen.de\/?page_id=1060\"><span class=\"wp-block-navigation-item__label\">Gesellschaft heute und Vorstand<\/span><\/a><\/li><li class=\" wp-block-navigation-item wp-block-navigation-link\"><a class=\"wp-block-navigation-item__content\"  href=\"https:\/\/www.dpg-goettingen.de\/?p=1803\"><span class=\"wp-block-navigation-item__label\">Mitgliedschaft z\u00e4hlt<\/span><\/a><\/li><li class=\" wp-block-navigation-item wp-block-navigation-link\"><a class=\"wp-block-navigation-item__content\"  href=\"https:\/\/www.dpg-goettingen.de\/?page_id=1005\"><span class=\"wp-block-navigation-item__label\">Links<\/span><\/a><\/li><li class=\" wp-block-navigation-item wp-block-navigation-link\"><a class=\"wp-block-navigation-item__content\"  href=\"https:\/\/www.dpg-goettingen.de\/?page_id=1086\"><span class=\"wp-block-navigation-item__label\">Kontakt<\/span><\/a><\/li><\/ul>\n\t\t\t\t\t\t<\/div>\n\t\t\t\t\t<\/div>\n\t\t\t\t<\/div>\n\t\t\t<\/div><\/nav><\/div>\n<\/div><\/div>\n","protected":false},"excerpt":{"rendered":"<p>Deutsch-Polnische Gesellschaft Bundesverband e.V. &#8211; Federalny Zwi\u0105zek Towarzystw Niemiecko-Polskich Deutsch-Polnische Gesellschaften in Niedersachsen e.V. Deutsch-Polnische Gesellschaft Hannover e.V. Deutsch-Polnische Gesellschaft Hamburg e.V. Deutsch-Polnische Gesellschaft Bremen&hellip;<\/p>\n","protected":false},"author":3,"featured_media":0,"parent":0,"menu_order":0,"comment_status":"closed","ping_status":"closed","template":"","meta":[],"_links":{"self":[{"href":"https:\/\/www.dpg-goettingen.de\/index.php?rest_route=\/wp\/v2\/pages\/1005"}],"collection":[{"href":"https:\/\/www.dpg-goettingen.de\/index.php?rest_route=\/wp\/v2\/pages"}],"about":[{"href":"https:\/\/www.dpg-goettingen.de\/index.php?rest_route=\/wp\/v2\/types\/page"}],"author":[{"embeddable":true,"href":"https:\/\/www.dpg-goettingen.de\/index.php?rest_route=\/wp\/v2\/users\/3"}],"replies":[{"embeddable":true,"href":"https:\/\/www.dpg-goettingen.de\/index.php?rest_route=%2Fwp%2Fv2%2Fcomments&post=1005"}],"version-history":[{"count":13,"href":"https:\/\/www.dpg-goettingen.de\/index.php?rest_route=\/wp\/v2\/pages\/1005\/revisions"}],"predecessor-version":[{"id":2094,"href":"https:\/\/www.dpg-goettingen.de\/index.php?rest_route=\/wp\/v2\/pages\/1005\/revisions\/2094"}],"wp:attachment":[{"href":"https:\/\/www.dpg-goettingen.de\/index.php?rest_route=%2Fwp%2Fv2%2Fmedia&parent=1005"}],"curies":[{"name":"wp","href":"https:\/\/api.w.org\/{rel}","templated":true}]}}