{"id":1060,"date":"2012-10-24T20:40:31","date_gmt":"2012-10-24T19:40:31","guid":{"rendered":"http:\/\/www.dpg-goettingen.de\/?page_id=1060"},"modified":"2024-09-26T12:27:11","modified_gmt":"2024-09-26T11:27:11","slug":"gesellschaft-heute-und-vorstand-neu","status":"publish","type":"page","link":"https:\/\/www.dpg-goettingen.de\/?page_id=1060","title":{"rendered":"Vorstand und Geschichte"},"content":{"rendered":"\n<p><\/p>\n\n\n\n<div style=\"text-align: justify;\">\n<p>In der DPG G\u00f6ttingen versammeln wir knapp 190 Mitglieder (2023) verschiedener Generationen und Berufsgruppen mit und ohne Migrationserfahrung. Wir arbeiten ehrenamtlich und \u00fcberparteilich f\u00fcr vertiefte und partnerschaftliche deutsch-polnische Beziehungen. Das bedingt zugleich, f\u00fcr eine demokratische, gleichheitsorientierte und chancengerechte Einwanderungsgesellschaft in der Bundesrepublik einzutreten. Wir sind als gemeinn\u00fctziger Verein eingetragen.<\/p>\n<p>&nbsp;<\/p>\n<\/div>\n\n\n\n<p><span style=\"color: #242625; font-family: Raleway, sans-serif; font-size: 14px;\">Satzung der DPG G\u00f6ttingen (PDF-Dokument):<\/span><\/p>\n\n\n\n<div>\n<p><a href=\"https:\/\/www.dpg-goettingen.de\/wp-content\/uploads\/Satzung-Stand_14.02.2022.pdf\">Satzung (Stand_14.02.2022)<\/a><\/p>\n<p>&nbsp;<\/p>\n<\/div>\n\n\n\n<p>Vorsitzender<br \/><strong>Harm Adam<\/strong><br \/>Osterberg 16<br \/>37120 Bovenden<br \/>d. 0551 &#8211; 5471336<br \/>p. 0551 &#8211; 5317666<br \/><a href=\"mailto:h.adam@menge-noack.de\" target=\"_blank\" rel=\"noopener noreferrer\">E-Mail<\/a><\/p>\n\n\n\n<p>&#8212;<\/p>\n\n\n\n<p>stellv. Vorsitzende<br \/><strong>Klaudia Hanisch<\/strong><\/p>\n\n\n\n<p><strong>Dr. Christian Krause-Gr\u00fcndel<\/strong><\/p>\n\n\n\n<p>&#8212;<\/p>\n\n\n\n<p>Schatzmeister<br \/><strong>Kai Bathke <\/strong><\/p>\n\n\n\n<p>&#8212;<\/p>\n\n\n\n<p>Beisitzer*innen des Vorstandes<\/p>\n\n\n\n<p><strong>Hans-Ulrich Borchert<\/strong><\/p>\n\n\n\n<p><strong>Renate Borchard<\/strong><\/p>\n\n\n\n<p><strong>Sylwia Czochara<\/strong><\/p>\n\n\n\n<p><strong>Melanie Homeier<\/strong><\/p>\n\n\n\n<p><strong>Paulina Jadanowska<\/strong><\/p>\n\n\n\n<p><strong>Thomas Kunze<\/strong><\/p>\n\n\n\n<p>&#8212;<\/p>\n\n\n\n<p>Beirat<\/p>\n\n\n\n<p><strong>Anna Radwanska-Nowak<\/strong><\/p>\n\n\n\n<p><strong>Norbert Baensch<\/strong><\/p>\n\n\n\n<p><strong>Dr. Bernd Kreutzfeldt<\/strong><\/p>\n\n\n\n<p><strong>Dr. Karl Adam<\/strong><\/p>\n\n\n\n<p><strong>Waldemar Barwinske <\/strong><\/p>\n\n\n\n<p><strong>Prof. Dr. Matthias Freise<\/strong><\/p>\n\n\n\n<p><strong>Andreas Schreck<\/strong><\/p>\n\n\n\n<p><strong>Prof. Dr. Rita S\u00fcssmuth<\/strong><\/p>\n\n\n\n<p><strong>Dieter Wiedemann<\/strong><\/p>\n\n\n\n<p><\/p>\n\n\n\n<p>&#8212;<\/p>\n\n\n\n<p>Ehrenvorsitzender<br \/><strong>Reinhard Caspari<\/strong> \u2020<\/p>\n\n\n\n<p><\/p>\n\n\n\n<p>Engerer Vorstand nach den Wahlen 2024 mit unserer gesch\u00e4tzten Freundin aus dem erweiterten Vorstand Renate Borchert. V.l.n.r.: Dr. Christian Krause-Gr\u00fcndel, Harm Adam, Klaudia Hanisch, Kai Bathke<\/p>\n\n\n\n<p> <\/p>\n\n\n\n<figure class=\"wp-block-image size-full is-resized\"><img decoding=\"async\" loading=\"lazy\" src=\"https:\/\/www.dpg-goettingen.de\/wp-content\/uploads\/photo_5388985210089099364_y.jpg\" alt=\"\" class=\"wp-image-2640\" width=\"557\" height=\"446\" srcset=\"https:\/\/www.dpg-goettingen.de\/wp-content\/uploads\/photo_5388985210089099364_y.jpg 942w, https:\/\/www.dpg-goettingen.de\/wp-content\/uploads\/photo_5388985210089099364_y-300x240.jpg 300w, https:\/\/www.dpg-goettingen.de\/wp-content\/uploads\/photo_5388985210089099364_y-768x615.jpg 768w\" sizes=\"(max-width: 557px) 100vw, 557px\" \/><\/figure>\n\n\n\n<p>Engerer Vorstand nach den Wahlen 2022. V.l.n.r.: Kai Bathke, Dr. Christian Krause-Gr\u00fcndel, Klaudia Hanisch und Harm Adam<\/p>\n\n\n\n<figure class=\"wp-block-image size-full is-resized\"><img decoding=\"async\" loading=\"lazy\" src=\"https:\/\/www.dpg-goettingen.de\/wp-content\/uploads\/274147349_1068287783720962_1477305005448920619_n.jpg\" alt=\"\" class=\"wp-image-2366\" width=\"555\" height=\"360\" srcset=\"https:\/\/www.dpg-goettingen.de\/wp-content\/uploads\/274147349_1068287783720962_1477305005448920619_n.jpg 831w, https:\/\/www.dpg-goettingen.de\/wp-content\/uploads\/274147349_1068287783720962_1477305005448920619_n-300x195.jpg 300w, https:\/\/www.dpg-goettingen.de\/wp-content\/uploads\/274147349_1068287783720962_1477305005448920619_n-768x498.jpg 768w\" sizes=\"(max-width: 555px) 100vw, 555px\" \/><\/figure>\n\n\n\n<h3 class=\"wp-block-heading\"><strong>Ein historischer Abriss zur DPG G\u00f6ttingen <\/strong><\/h3>\n\n\n\n<h4 class=\"wp-block-heading\"><br \/>von Norbert Baensch, Gr\u00fcndungsvorsitzender und heute Mitglied des Beirates der DPG G\u00f6ttingen e.V.<\/h4>\n\n\n\n<p><br \/>Im Februar 1978 beschloss der Rat der Stadt G\u00f6ttingen, partnerschaftliche Kontakte mit einer Stadt in der Volksrepublik Polen aufzunehmen. Die fr\u00fche Einsicht, dass eine Normalisierung der Beziehungen zwischen der Bundesrepublik Deutschland und der Volksrepublik Polen auf kommunaler Ebene einsetzen m\u00fcsse, und engagierte Verhandlungen f\u00fchrten am 26.11.1978 zur Unterzeichnung der \u201eRahmenvereinbarung \u00fcber die Zusammenarbeit\u201c der Stadt G\u00f6ttingen in der Bundesrepublik Deutschland und der Stadt Torun in der damaligen Volksrepublik, heute Republik Polen. Vor diesem mit M\u00fchen durchgesetzten Ergebnis der St\u00e4dtepartnerschaft lagen vielf\u00e4ltige freie und St\u00e4dtische Aktivit\u00e4ten wie Ausstellungen, \u201ePolnische Filmtage\u201c und \u201ePolnische Gespr\u00e4che\u201c in G\u00f6ttingen, in denen kulturelle, politische, wirtschaftliche Themen referiert und diskutiert wurden. Darauf folgten \u201ePolnische Kulturtage\u201c mit kulturellen Veranstaltungen mancher Art, an denen sich im Rahmen eines Arbeitskreises \u201eKulturstadt G\u00f6ttingen\u201c alle Kultureinrichtungen der Stadt beteiligten.<\/p>\n\n\n\n<p><br \/>Es ging nun darum, das Vertragswerk mit Leben zu f\u00fcllen. Diese Aufgabe stellte sie sich nicht nur dem Rat und der Verwaltung der Stadt G\u00f6ttingen sowie den Kulturinstitutionen und einzelnen Gruppen; sie war ein Appell an alle B\u00fcrger der Stadt. So kam es am 26.2.1979 zur Gr\u00fcndung der \u201eDeutsch-Polnischen Gesellschaft G\u00f6ttingen e.V.\u201c, der ersten ihrer Art in Niedersachsen. Die Gesellschaft will, satzungsgem\u00e4\u00df, der Verst\u00e4ndigung zwischen den V\u00f6lkern der Republik Polen und der Bundesrepublik Deutschland sowie der Vertiefung zwischenmenschlicher Beziehungen dienen. Mit allen Unternehmungen soll beigetragen werden zur Normalisierung des Verh\u00e4ltnisses zwischen den beiden Staaten, soll erreicht werden, dass Deutsche und Polen mehr voneinander erfahren, dass sie Fremdheit \u00fcberwinden und \u00fcber intensivierte Kenntnisse zu einer Zusammenarbeit im europ\u00e4ischen Rahmen gelangen. Diese Zielsetzung braucht auf beiden Seiten aufgekl\u00e4rte Menschen, die einander kundig und unbefangen begegnen. Daf\u00fcr wurde ein entsprechender Information- und Veranstaltungskatalog von Vortr\u00e4gen, Theateraustausch, Ausstellungen, Kulturveranstaltungen etc. selbst angeboten oder in der Zusammenarbeit mit Hochschul-, Bildungs-, sozialen<br \/>und anderen qualifizierten Einrichtungen vermittelt.<\/p>\n\n\n\n<p><br \/>Angesichts der zugespitzten politischen und wirtschaftlichen Situation in Polen, der Ausrufung des Kriegsrechts im Dezember 1981, sind in wachsendem Ma\u00dfe Hilfsg\u00fctertransporte von G\u00f6ttingen nach Torun\/Thorn organisiert und durchgef\u00fchrt worden. Mangelnde Lebensmittel und Gebrauchsg\u00fcter sind \u00fcber die Kirchen an die Thorner Bev\u00f6lkerung verteilt worden, viele Lernmittel f\u00fcr Kinder und Jugendliche gingen an die Schulen, die Musikschule, B\u00fccher an das Deutsche Seminar der UMK, der Nikolaus-Kopernikus-Universit\u00e4t, und Lieferungen zum Beispiel von Medikamenten<br \/>und medizinischem Ger\u00e4t an die Krankenh\u00e4user. F\u00fcr mehrere \u201eCaspari-Transporter-\u201c und, in Zusammenarbeit mit der Stadt, Lkw-Hilfsfahrten sind die Mittel in G\u00f6ttingen gesammelt, gespendet oder durch Benefizveranstaltungen, zum Beispiel ein gro\u00dfes Konzert in St. Jacobi, zusammengebracht worden.<\/p>\n\n\n\n<p><br \/>Die intensiven Spendenaktionen, die zur Linderung \u00e4rgster Not unverzichtbar waren, konnten auf lange Sicht keine L\u00f6sung aller Probleme bewirken. Sie sind aber als Hilfe zur Selbsthilfe verstanden und weitergef\u00fchrt worden. Es wurde mit einem Spendenkonto zur \u201eHilfe f\u00fcr Thorn\u201c aufgerufen und jeder B\u00fcrger zugleich ermuntert, seine pers\u00f6nlichen Kontakte nach Thorn und in andere Orte des Landes nicht zu vernachl\u00e4ssigen. Eindrucksvoll war ebenso die sp\u00e4tere Einsatzbereitschaft der G\u00f6ttinger f\u00fcr die Katastrophenopfer des Weichsel- und Oder-Hochwassers in Polen. Zwei ganz bedeutende Akzente erhielt die Arbeit der Deutsch-Polnischen Gesellschaft ab 1983:<br \/>man sah eine wirkungsstarke Aufgabe in der F\u00f6rderung junger polnischer Studierender, in ihrem vierten Studienjahr d. h. in der Vorbereitungsphase des Magisterexamens das Leben in Deutschland und das wissenschaftliche Arbeiten an der Georg-August-Universit\u00e4t aus eigener Anschaung kennen zu lernen. <\/p>\n\n\n\n<p>Seither sind weit \u00fcber 40 junge GermanistInnen sowie MedizinerInnen mit einem Stipendium gef\u00f6rdert worden und haben jeweils in einem Sommersemester die Vorlesungen, Seminare, Bibliotheken, Kliniken, die Sprache, die Mensa, den Kontakt mit den deutschen und anderen ausl\u00e4ndischen KommilitonInnen wahrgenommen. Daraus entstand in der<br \/>Thorner Germanistik eine Magisterarbeit \u00fcber die Deutsch-Polnische Gesellschaft in G\u00f6ttingen, die dar\u00fcber detailliert Auskunft gibt und gedruckt vorliegt. Als weitere Besonderheit von 1983 ist der Beginn der h\u00f6chst ansehnlichen Reihe von Studien- und Informationsreisen nach Nord-, Ost-, S\u00fcd- und Westpolen zu nennen. Die Mitb\u00fcrger sollten Gelegenheit bekommen, das Land jenseits von Oder und Nei\u00dfe und seine Menschen selbst und nicht nur \u00fcber Berichte kennen zu lernen. Weit \u00fcber 1000 Mitb\u00fcrger haben das Angebot genutzt, auch ihre \u201eAlte Heimat\u201c oben wieder zu sehen, die sie 1945 verlassen mussten, und mit den dortigen Bewohnern sogar famili\u00e4re Kontakte aufzunehmen. Daraus sind herzliche gutnachbarliche Verbindungen entstanden. Thorn ist dabei nicht vergessen worden! Mehrere B\u00fcrgerreisen f\u00fchrten direkt in unsere immer sch\u00f6ner gewordene Partnerstadt an der Weichsel. Dorthin bestehen seither viele pers\u00f6nliche Beziehungen und best\u00e4ndig gepflegte Freundschaften. Zu Thorn und den Vertretern der Stadt, der Universit\u00e4t, der Kirchen, Schulen und des Theaters unterh\u00e4lt die Gesellschaft vielf\u00e4ltige Kontakte. F\u00fcr mehrere G\u00f6ttinger Gruppen und Verb\u00e4nde konnte sie immer wieder vermittelnd t\u00e4tig sein. So auch bei der Besuchs Begegnung evangelischer und katholischer Christen und ihrer Repr\u00e4sentanten in G\u00f6ttingen und Thorn.<\/p>\n\n\n\n<p><br \/>Direkte Partner der Deutsch-Polnischen Gesellschaft G\u00f6ttingen sind die k\u00fcrzlich wiederbelebte und 1989 gegr\u00fcndete \u201ePolnisch-Deutsche Gesellschaft\u201c Thorn, war viele Jahre die Thorner Kulturvereinigung TTK. Mit dieser zusammen ist 1991 anl\u00e4sslich seines 50. Todestages eine zweisprachige Gedenktafel f\u00fcr den G\u00f6ttinger Nobelpreistr\u00e4ger Professor Dr. Walther Nernst (1864 \u2013 1941) an seinem Geburtshaus in Briesen\/Wabrzezno angebracht worden. Zu Ehren des Thorner Philosophen Roman Ingarden, der 1912-1916 d. h. zu gleicher Zeit wie Edith Stein in G\u00f6ttingen studierte, initiierte die Gesellschaft die Gedenktafel an seinem einstigen Wohnhaus in der Herzberger Landstra\u00dfe 17. J\u00fcngst geschah dies in der G\u00f6ttinger Planckstra\u00dfe 1 zu Ehren des polnischen Mathematikers Hugo Steinhaus, der von 1906-1911 in G\u00f6ttingen lebte und bei dem Mathematiker David Hilbert promovierte.<\/p>\n\n\n\n<p><br \/>Von 1984-2006 haben, von G\u00f6ttingen aus entwickelt, mehr als 500 Mitglieder und B\u00fcrger die Chance wahrgenommen, im Sommer in Sprachkursen an der Krakauer Jagiellonen-Universit\u00e4t die polnische Sprache zu erlernen bzw. ihre Kenntnisse zu verfeinern. Dar\u00fcber hinaus ist die Deutsch-Polnische Gesellschaft G\u00f6ttingen 2003 an der Verleihung des 26. Kulturpreises Schlesien des Landes Niedersachsen (in der pr\u00e4chtigen Aula der G\u00f6ttinger Universit\u00e4t) anregend und organisatorisch beteiligt gewesen. Preistr\u00e4ger waren damals der Schauspieler und Kabarettist Dieter Hildebrandt, der Historiker Professor Dr. Horst Fuhrmann, der Breslauer Germanist Professor Dr. Norbert Honsza, f\u00fcr den Marcel Reich-Ranicki die Laudatio hielt, und die Schriftstellerin Olga Tokarczuk, die vor kurzem mit dem Literatur-Nobelpreis geehrt wurde. Schlie\u00dflich ist die Gesellschaft durch Juroren-Mitglieder an der j\u00e4hrlichen Verleihung des nach dem polnischen Sprachforscher Samuel Bogumil Linde (1771-1847) genannten Literaturpreises der St\u00e4dte Thorn und G\u00f6ttingen beteiligt.<\/p>\n\n\n\n<p>Die Deutsch-Polnische Gesellschaft G\u00f6ttingen hat stets die Verbindung zu gleich gesinnten Gesellschaften gesucht. Sie schloss sich nach ihrer Gr\u00fcndung alsbald der kommunikativen Arbeitsgemeinschaft der norddeutschen Deutsch-Polnischen Gesellschaften in Bad Segeberg an. Der Gr\u00fcndungsvorsitzende Norbert Baensch und sein Nachfolger, der ebenfalls vielfach ausgezeichnete Reinhard Caspari, veranlassten, dass die Gesellschaft Mitbegr\u00fcnderin der daraus entwickelten zentralen Gesellschaft in Berlin wurde, die das zweisprachig erscheinende deutsch-polnische Magazin DIALOG herausgibt. Im Vorstand dieser \u201eDeutsch-Polnischen Gesellschaft Bundesverband e.V.\u201c, der heute nahezu 50 Gesellschaften angeh\u00f6ren, ist die G\u00f6ttinger Gesellschaft von Anfang an ein aktiver Partner.<\/p>\n\n\n\n<p><br \/>Am 23.4.1992 wurde in Hannover der Landesverband \u201eDeutsch-Polnische Gesellschaften in Niedersachsen e.V.\u201c begr\u00fcndet. Die G\u00f6ttinger Gesellschaft ist seitdem ununterbrochen durch Norbert Baensch und Reinhard Caspari sowie Rolf Hammerath und Harm Adam, aktuell (Herbst 2023) mit der stellv. Vorsitzenden Klaudia Hanisch und der Schatzmeisterin Melanie Homeier, in deren Vorstand vertreten. Als Nachfolger von Dieter Wiedemann hatte der G\u00f6ttinger Vorsitzende Rechtsanwalt Harm Adam, der in seiner Funktion mit dem Vorstandsteam zus\u00e4tzliche, neue Programm-Akzente setzt und Partnerschaften pflegt \u2013 zum Beispiel mit der ebenfalls von ihm geleiteten Europa-Union Deutschland Kreisverband G\u00f6ttingen wie mit der Deutsch-Franz\u00f6sischen Gesellschaft am Ort. Dabei finden sich Aktivit\u00e4ten wie unter anderem die Vortragsbetreuung von Schulklassen sowie freundschaftliche Begegnungen und Themenaustausch mit benachbarten Gesellschaften.<\/p>\n\n\n\n<p>Bereits seit 2003 ist die Gesellschaft kooperatives Gr\u00fcndungsmitglied des \u201eG\u00f6ttinger Partnerschaftsvereins, Verein zur F\u00f6rderung der St\u00e4dtepartnerschaften der Stadt G\u00f6ttingen e.V.\u201c. Auch hier ergeben sich kooperative Aufgaben und Leistungen. Als sehr wesentlich empfunden wird die intensive Zusammenarbeit unserer Gesellschaft mit dem \u201ePolnischen Kulturverein POLONIKA e.V.\u201c in G\u00f6ttingen. In diesem haben sich vor allem polenst\u00e4mmige Mitb\u00fcrgerInnen versammelt. Gemeinsamkeiten und bereits traditionelle Begegnungen (wie seit Jahren erfreulich frequentierte Advents- und Sommerfeiern) schaffen N\u00e4he und sorgen f\u00fcr Verbundenheit zwischen den Mitgliedern beider Gesellschaften.<\/p>\n\n\n\n<p>(&#8230;)<br \/>Die Arbeit der Deutsch-Polnischen Gesellschaft G\u00f6ttingen e.V. erfuhr anl\u00e4sslich der Feier ihres 25-j\u00e4hrigen Bestehens am 28.2.2004 h\u00f6chste Anerkennung sowohl von Seiten der Stadt G\u00f6ttingen und der Landesregierung Niedersachsen als auch, mit besonderem Dank, vom Botschafter der Republik Polen und dem Pr\u00e4sidenten der Stadt Torun\/Thorn f\u00fcr die Vielfalt der zielgerichteten Aktivit\u00e4ten und des pers\u00f6nlichen Einsatzes, die im Wechsel der Zeitumst\u00e4nde unerschrocken und uneigenn\u00fctzig f\u00fcr die Ann\u00e4herung zwischen deutschen und polnischen Menschen erbracht worden.<\/p>\n\n\n\n<p>(2019, aktualisiert 2023)<\/p>\n\n\n\n<div class=\"wp-block-buttons is-layout-flex\"><\/div>\n\n\n\n\n\n<div class=\"wp-block-group alignfull is-layout-constrained\"><div class=\"wp-block-group__inner-container\">\n<div class=\"wp-block-group alignfull is-content-justification-space-between is-layout-flex wp-container-6\" style=\"padding-top:var(--wp--preset--spacing--30);padding-right:var(--wp--preset--spacing--30);padding-bottom:var(--wp--preset--spacing--30);padding-left:var(--wp--preset--spacing--30)\">\n<div class=\"wp-block-group is-layout-flex\"><div class=\"is-default-size wp-block-site-logo\"><a href=\"https:\/\/www.dpg-goettingen.de\/\" class=\"custom-logo-link\" rel=\"home\"><img loading=\"lazy\" width=\"3457\" height=\"1123\" src=\"https:\/\/www.dpg-goettingen.de\/wp-content\/uploads\/cropped-LOGO_DPG_lang-weissrand.png\" class=\"custom-logo\" alt=\"\" decoding=\"async\" srcset=\"https:\/\/www.dpg-goettingen.de\/wp-content\/uploads\/cropped-LOGO_DPG_lang-weissrand.png 3457w, https:\/\/www.dpg-goettingen.de\/wp-content\/uploads\/cropped-LOGO_DPG_lang-weissrand-300x97.png 300w, https:\/\/www.dpg-goettingen.de\/wp-content\/uploads\/cropped-LOGO_DPG_lang-weissrand-1024x333.png 1024w, https:\/\/www.dpg-goettingen.de\/wp-content\/uploads\/cropped-LOGO_DPG_lang-weissrand-768x249.png 768w, https:\/\/www.dpg-goettingen.de\/wp-content\/uploads\/cropped-LOGO_DPG_lang-weissrand-1536x499.png 1536w, https:\/\/www.dpg-goettingen.de\/wp-content\/uploads\/cropped-LOGO_DPG_lang-weissrand-2048x665.png 2048w\" sizes=\"(max-width: 3457px) 100vw, 3457px\" \/><\/a><\/div>\n\n\n<div class=\"wp-block-group is-vertical is-layout-flex wp-container-2\"><\/div>\n<\/div>\n\n\n<nav class=\"is-responsive items-justified-right wp-block-navigation is-content-justification-right is-layout-flex wp-container-5\" aria-label=\"Hauptnavigation\"><button aria-haspopup=\"true\" aria-label=\"Men\u00fc \u00f6ffnen\" class=\"wp-block-navigation__responsive-container-open \" data-micromodal-trigger=\"modal-4\"><svg width=\"24\" height=\"24\" xmlns=\"http:\/\/www.w3.org\/2000\/svg\" viewBox=\"0 0 24 24\" aria-hidden=\"true\" focusable=\"false\"><rect x=\"4\" y=\"7.5\" width=\"16\" height=\"1.5\" \/><rect x=\"4\" y=\"15\" width=\"16\" height=\"1.5\" \/><\/svg><\/button>\n\t\t\t<div class=\"wp-block-navigation__responsive-container  \" style=\"\" id=\"modal-4\">\n\t\t\t\t<div class=\"wp-block-navigation__responsive-close\" tabindex=\"-1\" data-micromodal-close>\n\t\t\t\t\t<div class=\"wp-block-navigation__responsive-dialog\" aria-label=\"Men\u00fc\">\n\t\t\t\t\t\t\t<button aria-label=\"Men\u00fc schlie\u00dfen\" data-micromodal-close class=\"wp-block-navigation__responsive-container-close\"><svg xmlns=\"http:\/\/www.w3.org\/2000\/svg\" viewBox=\"0 0 24 24\" width=\"24\" height=\"24\" aria-hidden=\"true\" focusable=\"false\"><path d=\"M13 11.8l6.1-6.3-1-1-6.1 6.2-6.1-6.2-1 1 6.1 6.3-6.5 6.7 1 1 6.5-6.6 6.5 6.6 1-1z\"><\/path><\/svg><\/button>\n\t\t\t\t\t\t<div class=\"wp-block-navigation__responsive-container-content\" id=\"modal-4-content\">\n\t\t\t\t\t\t\t<ul class=\"wp-block-navigation__container\"><li class=\" wp-block-navigation-item wp-block-navigation-link\"><a class=\"wp-block-navigation-item__content\"  href=\"https:\/\/www.dpg-goettingen.de\/?page_id=505\"><span class=\"wp-block-navigation-item__label\">Termine<\/span><\/a><\/li><li class=\" wp-block-navigation-item wp-block-navigation-link\"><a class=\"wp-block-navigation-item__content\"  href=\"https:\/\/www.dpg-goettingen.de\/?page_id=561\"><span class=\"wp-block-navigation-item__label\">Rundbriefe<\/span><span class=\"wp-block-navigation-item__description\">Rundbrief 2\/2010 G\u00f6ttingen, den 18.08.2010 An die Mitglieder und Freunde der Deutsch-Polnischen Gesellschaft G\u00f6ttingen Sehr geehrte Damen und Herren, liebe Mitglieder und Freunde, mit diesem Rundbrief nach der Sommerpause laden wir Sie wieder herzlich ein, an den Veranstaltungen der Gesellschaft im zweiten Halbjahr 2010 zahlreich teilzunehmen und unsere Arbeit weiterhin zu unterst\u00fctzen. Dazu liegt diesem Brief ein Fragebogen bei, mit dem der Vorstand Ihre Meinung zu verschiedenen Bereichen unserer Arbeit erfragen m\u00f6chte. Bitte, f\u00fcllen Sie den Fragebogen nach bestem Wissen und Gewissen aus und senden ihn an den Vorstand zur\u00fcck (Adresse im Briefkopf)! Nicht zuletzt geht es uns auch um die Frage des DIALOG-Abonnments in Zukunft und Ihre Meinung dazu. Wir w\u00fcrden uns freuen, wenn Sie den Fragebogen bis zum 20.9.2010 zur\u00fcck schickten. Im August sind unsere beiden polnischen Stipendiatinnen, Magdalena Ciurus (Medizin) und Ewelina Minda (Germanistik), wieder in ihre Heimat zur\u00fcck gekehrt, nachdem sie im Sommersemester an der Georg-August-Universit\u00e4t G\u00f6ttingen erfolgreich ihre Studien beendet haben. Die Betreuung seitens der Gesellschaft hat wieder gut funktioniert. Auf folgende Veranstaltungen im zweiten Halbjahr weisen wir hin und hoffen auf Ihr Interesse: Der Kulturpreis Schlesien wird in diesem Jahr in Breslau vergeben. Preistr\u00e4ger sind Prof. Dr. Arno Herzig, Wissenschaftler, und Prof. Ewa Michnik,\u2026<\/span><\/a><\/li><li class=\" wp-block-navigation-item wp-block-navigation-link\"><a class=\"wp-block-navigation-item__content\"  href=\"https:\/\/www.dpg-goettingen.de\/?page_id=1060\"><span class=\"wp-block-navigation-item__label\">Gesellschaft heute und Vorstand<\/span><\/a><\/li><li class=\" wp-block-navigation-item wp-block-navigation-link\"><a class=\"wp-block-navigation-item__content\"  href=\"https:\/\/www.dpg-goettingen.de\/?p=1803\"><span class=\"wp-block-navigation-item__label\">Mitgliedschaft z\u00e4hlt<\/span><\/a><\/li><li class=\" wp-block-navigation-item wp-block-navigation-link\"><a class=\"wp-block-navigation-item__content\"  href=\"https:\/\/www.dpg-goettingen.de\/?page_id=1005\"><span class=\"wp-block-navigation-item__label\">Links<\/span><\/a><\/li><li class=\" wp-block-navigation-item wp-block-navigation-link\"><a class=\"wp-block-navigation-item__content\"  href=\"https:\/\/www.dpg-goettingen.de\/?page_id=1086\"><span class=\"wp-block-navigation-item__label\">Kontakt<\/span><\/a><\/li><\/ul>\n\t\t\t\t\t\t<\/div>\n\t\t\t\t\t<\/div>\n\t\t\t\t<\/div>\n\t\t\t<\/div><\/nav><\/div>\n<\/div><\/div>\n","protected":false},"excerpt":{"rendered":"<p>In der DPG G\u00f6ttingen versammeln wir knapp 190 Mitglieder (2023) verschiedener Generationen und Berufsgruppen mit und ohne Migrationserfahrung. Wir arbeiten ehrenamtlich und \u00fcberparteilich f\u00fcr vertiefte&hellip;<\/p>\n","protected":false},"author":3,"featured_media":0,"parent":0,"menu_order":0,"comment_status":"closed","ping_status":"closed","template":"","meta":[],"_links":{"self":[{"href":"https:\/\/www.dpg-goettingen.de\/index.php?rest_route=\/wp\/v2\/pages\/1060"}],"collection":[{"href":"https:\/\/www.dpg-goettingen.de\/index.php?rest_route=\/wp\/v2\/pages"}],"about":[{"href":"https:\/\/www.dpg-goettingen.de\/index.php?rest_route=\/wp\/v2\/types\/page"}],"author":[{"embeddable":true,"href":"https:\/\/www.dpg-goettingen.de\/index.php?rest_route=\/wp\/v2\/users\/3"}],"replies":[{"embeddable":true,"href":"https:\/\/www.dpg-goettingen.de\/index.php?rest_route=%2Fwp%2Fv2%2Fcomments&post=1060"}],"version-history":[{"count":57,"href":"https:\/\/www.dpg-goettingen.de\/index.php?rest_route=\/wp\/v2\/pages\/1060\/revisions"}],"predecessor-version":[{"id":2939,"href":"https:\/\/www.dpg-goettingen.de\/index.php?rest_route=\/wp\/v2\/pages\/1060\/revisions\/2939"}],"wp:attachment":[{"href":"https:\/\/www.dpg-goettingen.de\/index.php?rest_route=%2Fwp%2Fv2%2Fmedia&parent=1060"}],"curies":[{"name":"wp","href":"https:\/\/api.w.org\/{rel}","templated":true}]}}