{"id":1086,"date":"2012-11-15T20:56:26","date_gmt":"2012-11-15T19:56:26","guid":{"rendered":"http:\/\/www.dpg-goettingen.de\/?page_id=1086"},"modified":"2023-04-25T13:15:05","modified_gmt":"2023-04-25T12:15:05","slug":"kontakt-2","status":"publish","type":"page","link":"https:\/\/www.dpg-goettingen.de\/?page_id=1086","title":{"rendered":"Kontakt"},"content":{"rendered":"<p><strong>Deutsch-Polnische Gesellschaft G\u00f6ttingen e. V.<\/strong><\/p>\n<p>Osterberg 16<\/p>\n<p>DE-37120 Bovenden<\/p>\n<ul class=\"wp-block-social-links is-layout-flex\">\n<li class=\"wp-social-link wp-social-link-facebook wp-block-social-link\"><span class=\"wp-block-social-link-label screen-reader-text\">Fa<\/span><\/li>\n<li class=\"wp-social-link wp-social-link-instagram wp-block-social-link\"><span class=\"wp-block-social-link-label screen-reader-text\">In<strong style=\"color: #82868b; font-size: revert; background-color: #ffffff;\">Adress<\/strong><\/span><\/li>\n<\/ul>\n<p>Telefon: +49 \/ (0)551-5471336 (d)<br \/>\u2009 \u2009 \u2009 \u2009 \u2009 \u2009 \u2009 \u2009 \u2009 +49 \/ (0)551-5317666 (p)<\/p>\n<p>Vorsitzender: Harm Adam<\/p>\n<p><strong>E-Mail:<\/strong> mail@dpg-goettingen.de<\/p>\n<p><strong>Homepageadresse:<\/strong> www.dpg-goettingen.de<\/p>\n<p><strong>Bankverbindung:<\/strong><br \/>Sparkasse G\u00f6ttingen<br \/>IBAN: DE14 2605 0001 0001 0736 18<br \/>BIC: NOLADE21GOE<br \/>Bankleitzahl: 260 500 01<br \/>Kontonummer: 107 36 18<\/p>\n\n\n<div class=\"wp-block-group alignwide has-background-color has-white-color has-black-background-color has-text-color has-background has-link-color wp-elements-d5a99eb099066060b98ceba0187ad8dd is-vertical is-content-justification-stretch is-layout-flex wp-container-9\" style=\"min-height:40vh;margin-top:0;margin-bottom:0;padding-top:var(--wp--preset--spacing--60);padding-right:var(--wp--preset--spacing--40);padding-bottom:var(--wp--preset--spacing--60);padding-left:var(--wp--preset--spacing--40)\">\n<div class=\"wp-block-columns alignwide has-small-font-size is-layout-flex wp-container-7\">\n<div class=\"wp-block-column is-layout-flow\">\n<p class=\"has-text-align-center\">Deutsch-Polnische Gesellschaft G\u00f6ttingen e.V.<\/p>\n\n\n\n<p class=\"has-text-align-center\">Osterberg 16<br \/>37120 Bovenden<br \/>Deutschland<\/p>\n\n\n\n<div style=\"height:24px\" aria-hidden=\"true\" class=\"wp-block-spacer\"><\/div>\n<\/div>\n\n\n\n<div class=\"wp-block-column is-layout-flow\">\n<p class=\"has-text-align-center\"><strong>Unterseiten<\/strong><\/p>\n\n\n<nav class=\"has-small-font-size items-justified-center is-vertical no-wrap wp-block-navigation has-small-font-size is-content-justification-center is-nowrap is-layout-flex wp-container-3\" aria-label=\"Hauptnavigation\"><ul class=\"wp-block-navigation__container\"><li class=\"has-small-font-size wp-block-navigation-item wp-block-navigation-link\"><a class=\"wp-block-navigation-item__content\"  href=\"https:\/\/www.dpg-goettingen.de\/?page_id=505\"><span class=\"wp-block-navigation-item__label\">Termine<\/span><\/a><\/li><li class=\"has-small-font-size wp-block-navigation-item wp-block-navigation-link\"><a class=\"wp-block-navigation-item__content\"  href=\"https:\/\/www.dpg-goettingen.de\/?page_id=561\"><span class=\"wp-block-navigation-item__label\">Rundbriefe<\/span><span class=\"wp-block-navigation-item__description\">Rundbrief 2\/2010 G\u00f6ttingen, den 18.08.2010 An die Mitglieder und Freunde der Deutsch-Polnischen Gesellschaft G\u00f6ttingen Sehr geehrte Damen und Herren, liebe Mitglieder und Freunde, mit diesem Rundbrief nach der Sommerpause laden wir Sie wieder herzlich ein, an den Veranstaltungen der Gesellschaft im zweiten Halbjahr 2010 zahlreich teilzunehmen und unsere Arbeit weiterhin zu unterst\u00fctzen. Dazu liegt diesem Brief ein Fragebogen bei, mit dem der Vorstand Ihre Meinung zu verschiedenen Bereichen unserer Arbeit erfragen m\u00f6chte. Bitte, f\u00fcllen Sie den Fragebogen nach bestem Wissen und Gewissen aus und senden ihn an den Vorstand zur\u00fcck (Adresse im Briefkopf)! Nicht zuletzt geht es uns auch um die Frage des DIALOG-Abonnments in Zukunft und Ihre Meinung dazu. Wir w\u00fcrden uns freuen, wenn Sie den Fragebogen bis zum 20.9.2010 zur\u00fcck schickten. Im August sind unsere beiden polnischen Stipendiatinnen, Magdalena Ciurus (Medizin) und Ewelina Minda (Germanistik), wieder in ihre Heimat zur\u00fcck gekehrt, nachdem sie im Sommersemester an der Georg-August-Universit\u00e4t G\u00f6ttingen erfolgreich ihre Studien beendet haben. Die Betreuung seitens der Gesellschaft hat wieder gut funktioniert. Auf folgende Veranstaltungen im zweiten Halbjahr weisen wir hin und hoffen auf Ihr Interesse: Der Kulturpreis Schlesien wird in diesem Jahr in Breslau vergeben. Preistr\u00e4ger sind Prof. Dr. Arno Herzig, Wissenschaftler, und Prof. Ewa Michnik,\u2026<\/span><\/a><\/li><li class=\"has-small-font-size wp-block-navigation-item wp-block-navigation-link\"><a class=\"wp-block-navigation-item__content\"  href=\"https:\/\/www.dpg-goettingen.de\/?page_id=1060\"><span class=\"wp-block-navigation-item__label\">Gesellschaft heute und Vorstand<\/span><\/a><\/li><li class=\"has-small-font-size wp-block-navigation-item wp-block-navigation-link\"><a class=\"wp-block-navigation-item__content\"  href=\"https:\/\/www.dpg-goettingen.de\/?p=1803\"><span class=\"wp-block-navigation-item__label\">Mitgliedschaft z\u00e4hlt<\/span><\/a><\/li><li class=\"has-small-font-size wp-block-navigation-item wp-block-navigation-link\"><a class=\"wp-block-navigation-item__content\"  href=\"https:\/\/www.dpg-goettingen.de\/?page_id=1005\"><span class=\"wp-block-navigation-item__label\">Links<\/span><\/a><\/li><li class=\"has-small-font-size wp-block-navigation-item wp-block-navigation-link\"><a class=\"wp-block-navigation-item__content\"  href=\"https:\/\/www.dpg-goettingen.de\/?page_id=1086\"><span class=\"wp-block-navigation-item__label\">Kontakt<\/span><\/a><\/li><\/ul><\/nav>\n\n\n<div style=\"height:24px\" aria-hidden=\"true\" class=\"wp-block-spacer\"><\/div>\n<\/div>\n\n\n\n<div class=\"wp-block-column is-layout-flow\">\n<p class=\"has-text-align-center\"><strong>DPG G\u00f6ttingen in den sozialen Medien<\/strong><\/p>\n\n\n\n<div class=\"wp-block-group is-vertical is-content-justification-center is-layout-flex wp-container-5\">\n<p><a rel=\"noreferrer noopener\" href=\"https:\/\/www.facebook.com\/DPGGoettingen\/\" target=\"_blank\">Facebook<\/a><\/p>\n\n\n\n<p><a href=\"https:\/\/www.instagram.com\/dpg_goettingen\/\" target=\"_blank\" rel=\"noreferrer noopener\">Instagram<\/a><\/p>\n\n\n\n<p><\/p>\n<\/div>\n\n\n\n<div style=\"height:24px\" aria-hidden=\"true\" class=\"wp-block-spacer\"><\/div>\n<\/div>\n<\/div>\n\n\n\n<div class=\"wp-block-group alignwide is-content-justification-center is-layout-flex wp-container-8\">\n<p class=\"has-text-align-center has-small-font-size\"> Proudly powered by <a rel=\"nofollow\" href=\"https:\/\/wordpress.org\">WordPress<\/a> <\/p>\n<\/div>\n<\/div>\n","protected":false},"excerpt":{"rendered":"<p>Deutsch-Polnische Gesellschaft G\u00f6ttingen e. V. Osterberg 16 DE-37120 Bovenden Fa InAdress Telefon: +49 \/ (0)551-5471336 (d)\u2009 \u2009 \u2009 \u2009 \u2009 \u2009 \u2009 \u2009 \u2009 +49&hellip;<\/p>\n","protected":false},"author":3,"featured_media":0,"parent":0,"menu_order":0,"comment_status":"closed","ping_status":"closed","template":"","meta":[],"_links":{"self":[{"href":"https:\/\/www.dpg-goettingen.de\/index.php?rest_route=\/wp\/v2\/pages\/1086"}],"collection":[{"href":"https:\/\/www.dpg-goettingen.de\/index.php?rest_route=\/wp\/v2\/pages"}],"about":[{"href":"https:\/\/www.dpg-goettingen.de\/index.php?rest_route=\/wp\/v2\/types\/page"}],"author":[{"embeddable":true,"href":"https:\/\/www.dpg-goettingen.de\/index.php?rest_route=\/wp\/v2\/users\/3"}],"replies":[{"embeddable":true,"href":"https:\/\/www.dpg-goettingen.de\/index.php?rest_route=%2Fwp%2Fv2%2Fcomments&post=1086"}],"version-history":[{"count":26,"href":"https:\/\/www.dpg-goettingen.de\/index.php?rest_route=\/wp\/v2\/pages\/1086\/revisions"}],"predecessor-version":[{"id":2181,"href":"https:\/\/www.dpg-goettingen.de\/index.php?rest_route=\/wp\/v2\/pages\/1086\/revisions\/2181"}],"wp:attachment":[{"href":"https:\/\/www.dpg-goettingen.de\/index.php?rest_route=%2Fwp%2Fv2%2Fmedia&parent=1086"}],"curies":[{"name":"wp","href":"https:\/\/api.w.org\/{rel}","templated":true}]}}