{"id":474,"date":"2011-06-13T15:23:12","date_gmt":"2011-06-13T14:23:12","guid":{"rendered":"http:\/\/52743371.de.strato-hosting.eu\/?page_id=474"},"modified":"2023-08-21T14:44:49","modified_gmt":"2023-08-21T13:44:49","slug":"mitglied-werden","status":"publish","type":"page","link":"https:\/\/www.dpg-goettingen.de\/?page_id=474","title":{"rendered":"Mitglied werden"},"content":{"rendered":"<div><strong>Bist Du auch an Polen interessiert und m\u00f6chtest Dein Wissen \u00fcber dieses Land ausbauen oder etwas Neues anpacken?<\/strong><\/div>\n<div>&nbsp;<\/div>\n<div><strong>Du verf\u00fcgst \u00fcber Polen-Expertise und m\u00f6chtest Deine Kenntnisse einbringen, Dich mit anderen austauschen und Dein <\/strong><strong>Netzwerk erweitern?<\/strong><\/div>\n<div>&nbsp;<\/div>\n<div><strong>Deine Familie hat polnische Migrationsbez\u00fcge und Du m\u00f6chtest die Verbindung zum Land ausbauen und diese <\/strong><strong>Seite von Dir weiterentwickeln?<\/strong><\/div>\n<div>&nbsp;<\/div>\n<div><strong>Werde Mitglied der Deutsch-Polnischen Gesellschaft G\u00f6ttingen e.V.!<\/strong><\/div>\n<div>&nbsp;<\/div>\n<div style=\"text-align: justify;\">Um der Deutsch-Polnischen Gesellschaft G\u00f6ttingen beizutreten, drucke und f\u00fclle das verlinkte Formular aus und schicke es an die darauf angegebene Adresse.<\/div>\n\n\n<div class=\"wp-block-buttons is-layout-flex\">\n<div class=\"wp-block-button is-style-fill\"><a class=\"wp-block-button__link wp-element-button\" href=\"https:\/\/www.dpg-goettingen.de\/wp-content\/uploads\/Mitgliedschaftsantrag2-1.pdf\" target=\"_blank\" rel=\"noreferrer noopener\">Mitgliedschaftsantrag DPF<\/a><\/div>\n\n\n<\/div>\n\n\n\n<p>Bei der Deutsch-Polnischen Gesellschaft G\u00f6ttingen e.V. verstehen wir uns als aktive Br\u00fcckenbauer.<strong> Bereits seit 1979 setzen wir uns f\u00fcr gute Beziehungen zwischen der deutschen und polnischen Zivilgesellschaft ein<\/strong>, verstehen uns als Wegbereiter der deutsch-polnischen Vers\u00f6hnung und Ideengeber f\u00fcr die Politik.<\/p>\n\n\n\n<ul>\n<li>Wir organisieren regelm\u00e4\u00dfig <strong>Veranstaltungen<\/strong> zu politischen und kulturellen Fragen, womit wir einen Beitrag zur Verbesserung gesellschaftlicher Problemlagen leisten und <strong>auf die Debatten in G\u00f6ttingen und S\u00fcdniedersachsen einwirken<\/strong>.<\/li>\n<\/ul>\n\n\n\n<ul>\n<li>Mit Lesungen und Begegnungen <strong>vermitteln wir ein modernes Polenbild an G\u00f6ttinger Schulen<\/strong>. Wir arbeiten mit mehreren Schulen zusammen. Mit dem Theodor-Heuss-Gymnasium haben wir eine bundesweit bislang einmalige Kooperationsvereinbarung geschlossen.<\/li>\n<\/ul>\n\n\n\n<ul>\n<li>Wir vergeben <strong>Stipendien an Studierende der Germanistik und der Medizin aus G\u00f6ttingens Partnerstadt Thorn<\/strong>, die w\u00e4hrend ihres Aufenthaltes an der Uni G\u00f6ttingen von Mitgliedern unserer Gesellschaft betreut werden.<\/li>\n<\/ul>\n\n\n\n<ul>\n<li>Mit unseren Partnern in der <strong>Polnisch-Deutschen Gesellschaft Thorn laden wir j\u00e4hrlich zu einem mehrt\u00e4gigen G\u00f6ttingen-Thorner Seminar <\/strong>ein.<\/li>\n<\/ul>\n\n\n\n<figure class=\"wp-block-image size-large is-resized\"><img decoding=\"async\" loading=\"lazy\" src=\"https:\/\/www.dpg-goettingen.de\/wp-content\/uploads\/356882722_637506665090614_753528788835134994_n-1024x863.jpg\" alt=\"\" class=\"wp-image-2346\" width=\"467\" height=\"393\" srcset=\"https:\/\/www.dpg-goettingen.de\/wp-content\/uploads\/356882722_637506665090614_753528788835134994_n-1024x863.jpg 1024w, https:\/\/www.dpg-goettingen.de\/wp-content\/uploads\/356882722_637506665090614_753528788835134994_n-300x253.jpg 300w, https:\/\/www.dpg-goettingen.de\/wp-content\/uploads\/356882722_637506665090614_753528788835134994_n-768x647.jpg 768w, https:\/\/www.dpg-goettingen.de\/wp-content\/uploads\/356882722_637506665090614_753528788835134994_n.jpg 1280w\" sizes=\"(max-width: 467px) 100vw, 467px\" \/><\/figure>\n\n\n\n<ul>\n<li>Als Mitglied erh\u00e4ltst Du alle drei Monate das <a rel=\"noreferrer noopener\" href=\"https:\/\/www.dialogmagazin.eu\/\" target=\"_blank\"><strong>bilinguale deutsch-polnische Magazin DIALOG<\/strong> <\/a>gratis nach Hause geliefert.<\/li>\n<\/ul>\n\n\n\n<ul>\n<li>Wir sind Mitglied der Deutsch-Polnischen Gesellschaft Niedersachsen sowie <strong>Teil eines deutschlandweiten Netzwerks der Deutsch-Polnischen Gesellschaften.<\/strong> Wir kommen beim j\u00e4hrlichen Kongress der Deutsch-Polnischen und Polnisch-Deutschen Gesellschaften zusammen. Im Jahre 2021 waren wir in G\u00f6ttingen Gastgeberin und Mitausrichterin des 29. Kongresses.<\/li>\n<\/ul>\n\n\n\n<ul>\n<li>Wir verstehen uns als Teil der vielf\u00e4ltigen G\u00f6ttinger Zivilgesellschaft, wir <strong>kooperieren eng u.a. mit dem Kreisverband der G\u00f6ttinger Europa-Union, mit dem <a rel=\"noreferrer noopener\" href=\"https:\/\/polonika-getynga.de\/\" target=\"_blank\">Kulturverein Polonika G\u00f6ttingen e.V. <\/a>der Deutsch-Franz\u00f6sischen Gesellschaft G\u00f6ttingen und dem <a href=\"https:\/\/www.museum-friedland.de\/\" target=\"_blank\" rel=\"noreferrer noopener\">Museum Friedland<\/a>.<\/strong><\/li>\n<\/ul>\n\n\n\n<p>Einige Eindr\u00fccke vom 29. Kongress der Deutsch-Polnischen und Polnisch-Deutschen Gesellschaften in G\u00f6ttingen unter dem Motto \u201eNachbarschaft in der Mitte Europas\u201c, November 2021.<\/p>\n\n\n\n<figure class=\"wp-block-gallery has-nested-images columns-default is-cropped wp-block-gallery-2 is-layout-flex\">\n<figure class=\"wp-block-image size-large\"><img decoding=\"async\" loading=\"lazy\" width=\"960\" height=\"900\" data-id=\"2058\"  src=\"https:\/\/www.dpg-goettingen.de\/wp-content\/uploads\/248292469_1003964110153330_8443490514411311664_n.jpg\" alt=\"\" class=\"wp-image-2058\" srcset=\"https:\/\/www.dpg-goettingen.de\/wp-content\/uploads\/248292469_1003964110153330_8443490514411311664_n.jpg 960w, https:\/\/www.dpg-goettingen.de\/wp-content\/uploads\/248292469_1003964110153330_8443490514411311664_n-300x281.jpg 300w, https:\/\/www.dpg-goettingen.de\/wp-content\/uploads\/248292469_1003964110153330_8443490514411311664_n-768x720.jpg 768w\" sizes=\"(max-width: 960px) 100vw, 960px\" \/><\/figure>\n\n\n\n<figure class=\"wp-block-image size-large\"><img decoding=\"async\" loading=\"lazy\" width=\"1024\" height=\"1024\" data-id=\"2060\"  src=\"https:\/\/www.dpg-goettingen.de\/wp-content\/uploads\/247678412_1001649107051497_3748045556802109806_n-1024x1024.jpg\" alt=\"\" class=\"wp-image-2060\" srcset=\"https:\/\/www.dpg-goettingen.de\/wp-content\/uploads\/247678412_1001649107051497_3748045556802109806_n-1024x1024.jpg 1024w, https:\/\/www.dpg-goettingen.de\/wp-content\/uploads\/247678412_1001649107051497_3748045556802109806_n-300x300.jpg 300w, https:\/\/www.dpg-goettingen.de\/wp-content\/uploads\/247678412_1001649107051497_3748045556802109806_n-150x150.jpg 150w, https:\/\/www.dpg-goettingen.de\/wp-content\/uploads\/247678412_1001649107051497_3748045556802109806_n-768x768.jpg 768w, https:\/\/www.dpg-goettingen.de\/wp-content\/uploads\/247678412_1001649107051497_3748045556802109806_n-600x600.jpg 600w, https:\/\/www.dpg-goettingen.de\/wp-content\/uploads\/247678412_1001649107051497_3748045556802109806_n.jpg 1440w\" sizes=\"(max-width: 1024px) 100vw, 1024px\" \/><\/figure>\n\n\n\n<figure class=\"wp-block-image size-large\"><img decoding=\"async\" loading=\"lazy\" width=\"960\" height=\"960\" data-id=\"2059\"  src=\"https:\/\/www.dpg-goettingen.de\/wp-content\/uploads\/247227917_1002248166991591_8727061282939765682_n.jpg\" alt=\"\" class=\"wp-image-2059\" srcset=\"https:\/\/www.dpg-goettingen.de\/wp-content\/uploads\/247227917_1002248166991591_8727061282939765682_n.jpg 960w, https:\/\/www.dpg-goettingen.de\/wp-content\/uploads\/247227917_1002248166991591_8727061282939765682_n-300x300.jpg 300w, https:\/\/www.dpg-goettingen.de\/wp-content\/uploads\/247227917_1002248166991591_8727061282939765682_n-150x150.jpg 150w, https:\/\/www.dpg-goettingen.de\/wp-content\/uploads\/247227917_1002248166991591_8727061282939765682_n-768x768.jpg 768w, https:\/\/www.dpg-goettingen.de\/wp-content\/uploads\/247227917_1002248166991591_8727061282939765682_n-600x600.jpg 600w\" sizes=\"(max-width: 960px) 100vw, 960px\" \/><\/figure>\n<\/figure>\n\n\n\n<p><\/p>\n\n\n\n<p>Wir versuchen die Mitgliederbeitr\u00e4ge so niedrig wie m\u00f6glich zu halten, denn eine breite und engagierte Vereinsbasis ist f\u00fcr uns sehr wichtig. Dennoch sind wir auf die bescheidenen finanziellen Beitr\u00e4ge unserer Mitglieder angewiesen. <\/p>\n\n\n\n<p><strong>H\u00f6he der j\u00e4hrlichen Mitgliederbeitr\u00e4ge:<\/strong><\/p>\n\n\n\n<p>\u2751 Einzelmitglied (nat\u00fcrliche Person, Jahresbeitrag 28,00 EUR) *<br \/>\u2751 zus\u00e4tzliche Mitgliedschaft des Lebenspartners (Jahresbeitrag 13,50 EUR)<br \/>\u2751 Student\/in (Jahresbeitrag 13,50 EUR) *<br \/>(Studienbescheinigung liegt bei)<br \/>\u2751 Firma oder Verband (Jahresbeitrag mindestens EURO 56,00) *<\/p>\n\n\n\n<p>*bei diesem Mitgliedsbeitrag ist das Magazin DIALOG eingeschlossen<\/p>\n\n\n\n<p>Um die<strong> Beweggr\u00fcnde einiger unser aktiven Mitglieder zu lesen, warum sie sich bei der DPG G\u00f6ttingen engagieren<\/strong>, klicken Sie auf den Button unten.<\/p>\n\n\n\n<div class=\"wp-block-buttons is-layout-flex\">\n<div class=\"wp-block-button\"><a class=\"wp-block-button__link wp-element-button\" href=\"https:\/\/www.dpg-goettingen.de\/?p=1803\">Testimonials unserer Mitglieder<\/a><\/div>\n<\/div>\n\n\n\n<p>Aktualisierte Datenschutzerkl\u00e4rung der DPG G\u00f6ttingen finden Sie (als PDF-Dokument) <a href=\"https:\/\/www.dpg-goettingen.de\/wp-content\/uploads\/Datenschutzerkl%C3%A4rung-DPG-G%C3%B6ttingen.docx.pdf\">hier<\/a>.<\/p>\n","protected":false},"excerpt":{"rendered":"<p>Bei der Deutsch-Polnische Gesellschaft G\u00f6ttingen e.V. verstehen wir uns als aktive Br\u00fcckenbauer. Bereits seit 1979 setzen wir uns f\u00fcr gute Beziehungen zwischen der deutschen und polnischen Zivilgesellschaften ein.  Wir sind derzeit 186 Mitglieder\u00a0(2023) verschiedener Alters- und Berufsgruppen. Als zivilgesellschaftliche Organisation arbeiten wir\u00a0unabh\u00e4ngig.\u00a0<\/p>\n","protected":false},"author":3,"featured_media":0,"parent":0,"menu_order":0,"comment_status":"closed","ping_status":"closed","template":"","meta":[],"_links":{"self":[{"href":"https:\/\/www.dpg-goettingen.de\/index.php?rest_route=\/wp\/v2\/pages\/474"}],"collection":[{"href":"https:\/\/www.dpg-goettingen.de\/index.php?rest_route=\/wp\/v2\/pages"}],"about":[{"href":"https:\/\/www.dpg-goettingen.de\/index.php?rest_route=\/wp\/v2\/types\/page"}],"author":[{"embeddable":true,"href":"https:\/\/www.dpg-goettingen.de\/index.php?rest_route=\/wp\/v2\/users\/3"}],"replies":[{"embeddable":true,"href":"https:\/\/www.dpg-goettingen.de\/index.php?rest_route=%2Fwp%2Fv2%2Fcomments&post=474"}],"version-history":[{"count":81,"href":"https:\/\/www.dpg-goettingen.de\/index.php?rest_route=\/wp\/v2\/pages\/474\/revisions"}],"predecessor-version":[{"id":2362,"href":"https:\/\/www.dpg-goettingen.de\/index.php?rest_route=\/wp\/v2\/pages\/474\/revisions\/2362"}],"wp:attachment":[{"href":"https:\/\/www.dpg-goettingen.de\/index.php?rest_route=%2Fwp%2Fv2%2Fmedia&parent=474"}],"curies":[{"name":"wp","href":"https:\/\/api.w.org\/{rel}","templated":true}]}}