{"id":505,"date":"2011-06-14T15:15:55","date_gmt":"2011-06-14T14:15:55","guid":{"rendered":"http:\/\/52743371.de.strato-hosting.eu\/?page_id=505"},"modified":"2026-04-15T06:47:37","modified_gmt":"2026-04-15T05:47:37","slug":"termine","status":"publish","type":"page","link":"https:\/\/www.dpg-goettingen.de\/?page_id=505","title":{"rendered":"Termine"},"content":{"rendered":"\n<p><strong>Buchpr\u00e4sentation: \u201ePolen in Augenblicken\u201c mit dem DIALOG-Preistr\u00e4ger Dr. Matthias Kneip<\/strong><br \/>23.04.2026 \u2013 Galerie Alte Feuerwache, <a href=\"https:\/\/www.google.com\/maps\/place\/\/data=!4m2!3m1!1s0x47a4d4bfe68d0e9d:0x378817e800460bcd?sa=X&amp;ved=1t:8290&amp;ictx=111\">Ritterplan 4, G\u00f6ttingen<\/a><\/p>\n\n\n\n<figure class=\"wp-block-image size-large is-resized\"><img decoding=\"async\" loading=\"lazy\" src=\"https:\/\/www.dpg-goettingen.de\/wp-content\/uploads\/kneip2026-819x1024.png\" alt=\"\" class=\"wp-image-3503\" width=\"495\" height=\"619\" srcset=\"https:\/\/www.dpg-goettingen.de\/wp-content\/uploads\/kneip2026-819x1024.png 819w, https:\/\/www.dpg-goettingen.de\/wp-content\/uploads\/kneip2026-240x300.png 240w, https:\/\/www.dpg-goettingen.de\/wp-content\/uploads\/kneip2026-768x960.png 768w, https:\/\/www.dpg-goettingen.de\/wp-content\/uploads\/kneip2026.png 1080w\" sizes=\"(max-width: 495px) 100vw, 495px\" \/><\/figure>\n\n\n\n<p><\/p>\n\n\n\n<p>\u201ePolen in Augenblicken\u201c ist eine poetische Hommage an unser \u00f6stliches Nachbarland, in der Kneip ebenso einf\u00fchlsam wie hintergr\u00fcndig unterschiedlichen Facetten nachsp\u00fcrt. Abseits von Daten und Fakten reflektiert er in Bildern und kurzen, kunstvollen Texten Orte, Begebenheiten und Momentaufnahmen. So reist er mit dem Riesenrad durch die Geschichte Danzigs, hinterfragt das Gr\u00fcn im Stadtbild polnischer Gro\u00dfst\u00e4dte und nimmt Platz auf dem Krakauer Marktplatz, um den Augenblick in Worten zu fixieren. In den insgesamt 52 Texten, denen jeweils ein Farbbild zugeordnet ist, stellt der Autor Polen, seine Menschen, Landschaften und seine Geschichte auf ganz eigene Art vor. Ein tiefsinniges Buch, das die Realit\u00e4t und den poetischen Charme des Landes auf ungew\u00f6hnliche Weise miteinander verbindet.<\/p>\n\n\n\n<p>Matthias Kneip studierte Germanistik, Ostslawistik und Politologie an der Universit\u00e4t Regensburg. Seit 2000 ist er Mitarbeiter des Deutschen Polen-Instituts in Darmstadt. Kneip geh\u00f6rt zu den bekanntesten Mittlern zwischen Deutschen und Polen seiner Generation und seine B\u00fccher sowie seine humorvollen und informativen Veranstaltungen \u00fcber Polen erfreuen sich einer gro\u00dfen Beliebtheit. F\u00fcr sein literarisches Schaffen erhielt er 2011 den Kulturpreis Schlesien des Landes Niedersachsen und 2012 das Kavalierskreuz des Verdienstordens der Republik Polen.<\/p>\n\n\n\n<p>Wir freuen uns sehr auf Ihr Kommen und auf einen gemeinsamen Abend mit Literatur, Einblicken in Polen und anregenden Gespr\u00e4chen!<\/p>\n\n\n\n<p>Eine Schulveranstaltung &#8222;Polen entdecken. Eine humorvolle Begegnung mit dem Nachbarland\u201c ist f\u00fcr den Folgetag am Theodor-Heuss-Gymnasium geplant.<\/p>\n\n\n\n<hr class=\"wp-block-separator has-alpha-channel-opacity\"\/>\n\n\n\n<p><strong>7. G\u00f6ttingen-Thorner Gespr\u00e4che<\/strong> &#8211; weitere Informationen folgen<br \/>29.\u201331.05.2026 \u2013 G\u00f6ttingen<\/p>\n\n\n\n<p><\/p>\n\n\n\n<p><strong>Podiumsdiskussion<br \/>\u201eRasender Stillstand \u2013 Belarus, eine Revolution und die Folgen\u201c mit Ingo Petz und Vertreterinnen und Vertretern der belarusischen Diaspora<\/strong><br \/>26.06.2026 \u2013 Galerie Alte Feuerwache, <a href=\"https:\/\/www.google.com\/maps\/place\/\/data=!4m2!3m1!1s0x47a4d4bfe68d0e9d:0x378817e800460bcd?sa=X&amp;ved=1t:8290&amp;ictx=111\">Ritterplan 4, G\u00f6ttingen<\/a><\/p>\n\n\n\n<div class=\"wp-block-group alignfull is-layout-constrained\"><div class=\"wp-block-group__inner-container\">\n<div class=\"wp-block-group alignfull is-content-justification-space-between is-layout-flex wp-container-5\" style=\"padding-top:var(--wp--preset--spacing--30);padding-right:var(--wp--preset--spacing--30);padding-bottom:var(--wp--preset--spacing--30);padding-left:var(--wp--preset--spacing--30)\">\n<div class=\"wp-block-group is-layout-flex\"><div class=\"is-default-size wp-block-site-logo\"><a href=\"https:\/\/www.dpg-goettingen.de\/\" class=\"custom-logo-link\" rel=\"home\"><img loading=\"lazy\" width=\"3457\" height=\"1123\" src=\"https:\/\/www.dpg-goettingen.de\/wp-content\/uploads\/cropped-LOGO_DPG_lang-weissrand.png\" class=\"custom-logo\" alt=\"\" decoding=\"async\" srcset=\"https:\/\/www.dpg-goettingen.de\/wp-content\/uploads\/cropped-LOGO_DPG_lang-weissrand.png 3457w, https:\/\/www.dpg-goettingen.de\/wp-content\/uploads\/cropped-LOGO_DPG_lang-weissrand-300x97.png 300w, https:\/\/www.dpg-goettingen.de\/wp-content\/uploads\/cropped-LOGO_DPG_lang-weissrand-1024x333.png 1024w, https:\/\/www.dpg-goettingen.de\/wp-content\/uploads\/cropped-LOGO_DPG_lang-weissrand-768x249.png 768w, https:\/\/www.dpg-goettingen.de\/wp-content\/uploads\/cropped-LOGO_DPG_lang-weissrand-1536x499.png 1536w, https:\/\/www.dpg-goettingen.de\/wp-content\/uploads\/cropped-LOGO_DPG_lang-weissrand-2048x665.png 2048w\" sizes=\"(max-width: 3457px) 100vw, 3457px\" \/><\/a><\/div>\n\n\n<div class=\"wp-block-group is-vertical is-layout-flex wp-container-1\"><\/div>\n<\/div>\n\n\n<nav class=\"is-responsive items-justified-right wp-block-navigation is-content-justification-right is-layout-flex wp-container-4\" aria-label=\"Hauptnavigation\"><button aria-haspopup=\"true\" aria-label=\"Men\u00fc \u00f6ffnen\" class=\"wp-block-navigation__responsive-container-open \" data-micromodal-trigger=\"modal-3\"><svg width=\"24\" height=\"24\" xmlns=\"http:\/\/www.w3.org\/2000\/svg\" viewBox=\"0 0 24 24\" aria-hidden=\"true\" focusable=\"false\"><rect x=\"4\" y=\"7.5\" width=\"16\" height=\"1.5\" \/><rect x=\"4\" y=\"15\" width=\"16\" height=\"1.5\" \/><\/svg><\/button>\n\t\t\t<div class=\"wp-block-navigation__responsive-container  \" style=\"\" id=\"modal-3\">\n\t\t\t\t<div class=\"wp-block-navigation__responsive-close\" tabindex=\"-1\" data-micromodal-close>\n\t\t\t\t\t<div class=\"wp-block-navigation__responsive-dialog\" aria-label=\"Men\u00fc\">\n\t\t\t\t\t\t\t<button aria-label=\"Men\u00fc schlie\u00dfen\" data-micromodal-close class=\"wp-block-navigation__responsive-container-close\"><svg xmlns=\"http:\/\/www.w3.org\/2000\/svg\" viewBox=\"0 0 24 24\" width=\"24\" height=\"24\" aria-hidden=\"true\" focusable=\"false\"><path d=\"M13 11.8l6.1-6.3-1-1-6.1 6.2-6.1-6.2-1 1 6.1 6.3-6.5 6.7 1 1 6.5-6.6 6.5 6.6 1-1z\"><\/path><\/svg><\/button>\n\t\t\t\t\t\t<div class=\"wp-block-navigation__responsive-container-content\" id=\"modal-3-content\">\n\t\t\t\t\t\t\t<ul class=\"wp-block-navigation__container\"><li class=\" wp-block-navigation-item wp-block-navigation-link\"><a class=\"wp-block-navigation-item__content\"  href=\"https:\/\/www.dpg-goettingen.de\/?page_id=505\"><span class=\"wp-block-navigation-item__label\">Termine<\/span><\/a><\/li><li class=\" wp-block-navigation-item wp-block-navigation-link\"><a class=\"wp-block-navigation-item__content\"  href=\"https:\/\/www.dpg-goettingen.de\/?page_id=561\"><span class=\"wp-block-navigation-item__label\">Rundbriefe<\/span><span class=\"wp-block-navigation-item__description\">Rundbrief 2\/2010 G\u00f6ttingen, den 18.08.2010 An die Mitglieder und Freunde der Deutsch-Polnischen Gesellschaft G\u00f6ttingen Sehr geehrte Damen und Herren, liebe Mitglieder und Freunde, mit diesem Rundbrief nach der Sommerpause laden wir Sie wieder herzlich ein, an den Veranstaltungen der Gesellschaft im zweiten Halbjahr 2010 zahlreich teilzunehmen und unsere Arbeit weiterhin zu unterst\u00fctzen. Dazu liegt diesem Brief ein Fragebogen bei, mit dem der Vorstand Ihre Meinung zu verschiedenen Bereichen unserer Arbeit erfragen m\u00f6chte. Bitte, f\u00fcllen Sie den Fragebogen nach bestem Wissen und Gewissen aus und senden ihn an den Vorstand zur\u00fcck (Adresse im Briefkopf)! Nicht zuletzt geht es uns auch um die Frage des DIALOG-Abonnments in Zukunft und Ihre Meinung dazu. Wir w\u00fcrden uns freuen, wenn Sie den Fragebogen bis zum 20.9.2010 zur\u00fcck schickten. Im August sind unsere beiden polnischen Stipendiatinnen, Magdalena Ciurus (Medizin) und Ewelina Minda (Germanistik), wieder in ihre Heimat zur\u00fcck gekehrt, nachdem sie im Sommersemester an der Georg-August-Universit\u00e4t G\u00f6ttingen erfolgreich ihre Studien beendet haben. Die Betreuung seitens der Gesellschaft hat wieder gut funktioniert. Auf folgende Veranstaltungen im zweiten Halbjahr weisen wir hin und hoffen auf Ihr Interesse: Der Kulturpreis Schlesien wird in diesem Jahr in Breslau vergeben. Preistr\u00e4ger sind Prof. Dr. Arno Herzig, Wissenschaftler, und Prof. Ewa Michnik,\u2026<\/span><\/a><\/li><li class=\" wp-block-navigation-item wp-block-navigation-link\"><a class=\"wp-block-navigation-item__content\"  href=\"https:\/\/www.dpg-goettingen.de\/?page_id=1060\"><span class=\"wp-block-navigation-item__label\">Gesellschaft heute und Vorstand<\/span><\/a><\/li><li class=\" wp-block-navigation-item wp-block-navigation-link\"><a class=\"wp-block-navigation-item__content\"  href=\"https:\/\/www.dpg-goettingen.de\/?p=1803\"><span class=\"wp-block-navigation-item__label\">Mitgliedschaft z\u00e4hlt<\/span><\/a><\/li><li class=\" wp-block-navigation-item wp-block-navigation-link\"><a class=\"wp-block-navigation-item__content\"  href=\"https:\/\/www.dpg-goettingen.de\/?page_id=1005\"><span class=\"wp-block-navigation-item__label\">Links<\/span><\/a><\/li><li class=\" wp-block-navigation-item wp-block-navigation-link\"><a class=\"wp-block-navigation-item__content\"  href=\"https:\/\/www.dpg-goettingen.de\/?page_id=1086\"><span class=\"wp-block-navigation-item__label\">Kontakt<\/span><\/a><\/li><\/ul>\n\t\t\t\t\t\t<\/div>\n\t\t\t\t\t<\/div>\n\t\t\t\t<\/div>\n\t\t\t<\/div><\/nav><\/div>\n<\/div><\/div>\n","protected":false},"excerpt":{"rendered":"<p>Buchpr\u00e4sentation: \u201ePolen in Augenblicken\u201c mit dem DIALOG-Preistr\u00e4ger Dr. Matthias Kneip23.04.2026 \u2013 Galerie Alte Feuerwache, Ritterplan 4, G\u00f6ttingen \u201ePolen in Augenblicken\u201c ist eine poetische Hommage an&hellip;<\/p>\n","protected":false},"author":3,"featured_media":0,"parent":0,"menu_order":0,"comment_status":"closed","ping_status":"closed","template":"","meta":[],"_links":{"self":[{"href":"https:\/\/www.dpg-goettingen.de\/index.php?rest_route=\/wp\/v2\/pages\/505"}],"collection":[{"href":"https:\/\/www.dpg-goettingen.de\/index.php?rest_route=\/wp\/v2\/pages"}],"about":[{"href":"https:\/\/www.dpg-goettingen.de\/index.php?rest_route=\/wp\/v2\/types\/page"}],"author":[{"embeddable":true,"href":"https:\/\/www.dpg-goettingen.de\/index.php?rest_route=\/wp\/v2\/users\/3"}],"replies":[{"embeddable":true,"href":"https:\/\/www.dpg-goettingen.de\/index.php?rest_route=%2Fwp%2Fv2%2Fcomments&post=505"}],"version-history":[{"count":295,"href":"https:\/\/www.dpg-goettingen.de\/index.php?rest_route=\/wp\/v2\/pages\/505\/revisions"}],"predecessor-version":[{"id":3507,"href":"https:\/\/www.dpg-goettingen.de\/index.php?rest_route=\/wp\/v2\/pages\/505\/revisions\/3507"}],"wp:attachment":[{"href":"https:\/\/www.dpg-goettingen.de\/index.php?rest_route=%2Fwp%2Fv2%2Fmedia&parent=505"}],"curies":[{"name":"wp","href":"https:\/\/api.w.org\/{rel}","templated":true}]}}